{"id":475,"date":"2025-06-26T11:42:20","date_gmt":"2025-06-26T09:42:20","guid":{"rendered":"https:\/\/bobodruty.pl\/?post_type=product&#038;p=475"},"modified":"2025-12-19T19:58:17","modified_gmt":"2025-12-19T18:58:17","slug":"bonetka-mis","status":"publish","type":"product","link":"https:\/\/bobodruty.pl\/?product=bonetka-mis","title":{"rendered":"Bonetka MI\u015a"},"content":{"rendered":"<p style=\"text-align: center;\" data-start=\"116\" data-end=\"340\">Bonetka mi\u015b \u2013 mi\u0119kka, klasyczna i bardzo przytulna. R\u0119cznie robiona z alpaki (77%) i jedwabiu (23%).<br data-start=\"269\" data-end=\"272\" \/>Delikatna dla sk\u00f3ry, ciep\u0142a i lekka. Z misiowymi uszkami i tradycyjnym krojem, kt\u00f3ry dobrze otula g\u0142\u00f3wk\u0119 i chroni przed wiatrem.<\/p>\r\n<p style=\"text-align: center;\" data-start=\"116\" data-end=\"340\">sezon: jesie\u0144\/zima<\/p>\r\n<p style=\"text-align: center;\" data-start=\"116\" data-end=\"340\">Ka\u017cda czapka powstaje na zam\u00f3wienie \u2013 potrzebujemy 3\u20137 dni, by j\u0105 dla Was stworzy\u0107.<\/p>\r\n<p style=\"text-align: center;\" data-start=\"116\" data-end=\"340\">Kolor produktu mo\u017ce si\u0119 nieznacznie r\u00f3\u017cni\u0107 w zale\u017cno\u015bci od ustawie\u0144 monitora.<\/p>\r\n<p style=\"text-align: center;\" data-start=\"116\" data-end=\"340\"><strong data-start=\"71\" data-end=\"95\">Pranie i piel\u0119gnacja<\/strong><br data-start=\"95\" data-end=\"98\" \/>We\u0142n\u0119 pierz wy\u0142\u0105cznie r\u0119cznie, w ch\u0142odnej wodzie z dodatkiem delikatnego p\u0142ynu do we\u0142ny. Po praniu odci\u015bnij nadmiar wody w r\u0119cznik i susz na p\u0142asko, z dala od \u017ar\u00f3de\u0142 ciep\u0142a.<\/p>\r\n\r\n<figure class=\"wp-block-table\"><table class=\"has-fixed-layout\"><tbody><tr><td class=\"has-text-align-center\" data-align=\"center\"><strong><em>Rozmiar<\/em><\/strong><\/td><td class=\"has-text-align-center\" data-align=\"center\"><strong><em>Obw\u00f3d g\u0142\u00f3wki<\/em><\/strong><\/td><\/tr><tr><td class=\"has-text-align-center\" data-align=\"center\">newborn <\/td><td class=\"has-text-align-center\" data-align=\"center\">34-37 cm<\/td><\/tr><tr><td class=\"has-text-align-center\" data-align=\"center\">1-3 mies <\/td><td class=\"has-text-align-center\" data-align=\"center\">38 -42 cm<\/td><\/tr><tr><td class=\"has-text-align-center\" data-align=\"center\">3-6 mies <\/td><td class=\"has-text-align-center\" data-align=\"center\">42-45 cm<\/td><\/tr><tr><td class=\"has-text-align-center\" data-align=\"center\">6-18 mies <\/td><td class=\"has-text-align-center\" data-align=\"center\">45- 48 cm<\/td><\/tr><tr><td class=\"has-text-align-center\" data-align=\"center\">2-4 lata <\/td><td class=\"has-text-align-center\" data-align=\"center\">49- 52 cm<\/td><\/tr><tr><td class=\"has-text-align-center\" data-align=\"center\">4-8 lat <\/td><td class=\"has-text-align-center\" data-align=\"center\">52-55 cm<\/td><\/tr><\/tbody><\/table><\/figure>\r\n","protected":false},"excerpt":{"rendered":"<p>Bonetka mi\u015b \u2013 mi\u0119kka, klasyczna i bardzo przytulna. R\u0119cznie robiona z alpaki (77%) i jedwabiu (23%).<br data-start=\"269\" data-end=\"272\" \/>Delikatna dla sk\u00f3ry, ciep\u0142a i lekka. Z misiowymi uszkami i tradycyjnym krojem, kt\u00f3ry dobrze otula g\u0142\u00f3wk\u0119 i chroni przed wiatrem.<\/p>\n","protected":false},"featured_media":759,"template":"","meta":[],"product_brand":[],"product_cat":[20],"product_tag":[],"class_list":{"0":"post-475","1":"product","2":"type-product","3":"status-publish","4":"has-post-thumbnail","6":"product_cat-bonetki","8":"first","9":"instock","10":"taxable","11":"shipping-taxable","12":"purchasable","13":"product-type-variable"},"jetpack_sharing_enabled":true,"_links":{"self":[{"href":"https:\/\/bobodruty.pl\/index.php?rest_route=\/wp\/v2\/product\/475","targetHints":{"allow":["GET"]}}],"collection":[{"href":"https:\/\/bobodruty.pl\/index.php?rest_route=\/wp\/v2\/product"}],"about":[{"href":"https:\/\/bobodruty.pl\/index.php?rest_route=\/wp\/v2\/types\/product"}],"wp:featuredmedia":[{"embeddable":true,"href":"https:\/\/bobodruty.pl\/index.php?rest_route=\/wp\/v2\/media\/759"}],"wp:attachment":[{"href":"https:\/\/bobodruty.pl\/index.php?rest_route=%2Fwp%2Fv2%2Fmedia&parent=475"}],"wp:term":[{"taxonomy":"product_brand","embeddable":true,"href":"https:\/\/bobodruty.pl\/index.php?rest_route=%2Fwp%2Fv2%2Fproduct_brand&post=475"},{"taxonomy":"product_cat","embeddable":true,"href":"https:\/\/bobodruty.pl\/index.php?rest_route=%2Fwp%2Fv2%2Fproduct_cat&post=475"},{"taxonomy":"product_tag","embeddable":true,"href":"https:\/\/bobodruty.pl\/index.php?rest_route=%2Fwp%2Fv2%2Fproduct_tag&post=475"}],"curies":[{"name":"wp","href":"https:\/\/api.w.org\/{rel}","templated":true}]}}